{"id":2653,"date":"2020-02-29T18:48:05","date_gmt":"2020-02-29T17:48:05","guid":{"rendered":"http:\/\/montegastro.me\/tradicional-products\/zitarice\/"},"modified":"2020-04-24T08:38:52","modified_gmt":"2020-04-24T06:38:52","slug":"cereals","status":"publish","type":"page","link":"https:\/\/montegastro.me\/en\/our-products\/cereals\/","title":{"rendered":"Cereals"},"content":{"rendered":"<section class=\"l-section wpb_row height_huge width_full with_img parallax_ver\"><div class=\"l-section-img\" style=\"background-image: url(https:\/\/montegastro.me\/wp-content\/uploads\/2020\/02\/IMGP-35-scaled.jpg);\" data-img-width=\"2560\" data-img-height=\"1709\"><\/div><div class=\"l-section-h i-cf\"><div class=\"g-cols vc_row type_default valign_top\"><div class=\"vc_col-sm-12 wpb_column vc_column_container\"><div class=\"vc_column-inner\"><div class=\"wpb_wrapper\"><\/div><\/div><\/div><\/div><\/div><\/section><section class=\"l-section wpb_row height_medium\"><div class=\"l-section-h i-cf\"><div class=\"g-cols vc_row type_default valign_top reversed\"><div class=\"vc_col-sm-3 wpb_column vc_column_container\"><div class=\"vc_column-inner\"><div class=\"wpb_wrapper\"><div class=\"w-separator size_custom\" style=\"height:67px;\"><\/div>[vc_custom_heading text=&#8221;PRODUCTS&#8221; font_container=&#8221;tag:p|text_align:left&#8221; use_theme_fonts=&#8221;yes&#8221; css=&#8221;%7B%22default%22%3A%7B%22color%22%3A%22%23CFB381%22%2C%22margin-left%22%3A%2220px%22%7D%7D&#8221;][vc_wp_custommenu nav_menu=&#8221;15&#8243;]<\/div><\/div><\/div><div class=\"vc_col-sm-9 wpb_column vc_column_container\"><div class=\"vc_column-inner\"><div class=\"wpb_wrapper\">[vc_custom_heading source=&#8221;post_title&#8221; use_theme_fonts=&#8221;yes&#8221;]<div class=\"wpb_text_column\" ><div class=\"wpb_wrapper\"><p style=\"text-align: justify;\">The high altitudes of the mountainous region of Montenegro are very favorable for growing cereals. Corn was especially prevalent in these regions, and corn flour is one of the most important ingedients in traditional cuisine of Montenegro mountains. But, in modern times, our family farms are growing virtually every type of grain that can be grown here.<\/p>\n<\/div><\/div><div class=\"wpb_text_column\" ><div class=\"wpb_wrapper\"><div class=\"w-gallery cols_5 link_file with_indents\"><div class=\"w-gallery-list\"><a class=\"w-gallery-item order_1\" href=\"https:\/\/montegastro.me\/wp-content\/uploads\/2020\/03\/rrabkp-sajam-5.jpg\" title=\"Cereals\"><div class=\"w-gallery-item-img\"><img width=\"600\" height=\"600\" src=\"https:\/\/montegastro.me\/wp-content\/uploads\/2020\/03\/rrabkp-sajam-5-600x600.jpg\" class=\"attachment-us_600_600_crop size-us_600_600_crop\" alt=\"\" decoding=\"async\" loading=\"lazy\" srcset=\"https:\/\/montegastro.me\/wp-content\/uploads\/2020\/03\/rrabkp-sajam-5-600x600.jpg 600w, https:\/\/montegastro.me\/wp-content\/uploads\/2020\/03\/rrabkp-sajam-5-300x300.jpg 300w\" sizes=\"(max-width: 600px) 100vw, 600px\" \/><\/div><\/a><a class=\"w-gallery-item order_2\" href=\"https:\/\/montegastro.me\/wp-content\/uploads\/2020\/03\/rrabkp-sajam-39.jpg\" title=\"Cereals\"><div class=\"w-gallery-item-img\"><img width=\"600\" height=\"600\" src=\"https:\/\/montegastro.me\/wp-content\/uploads\/2020\/03\/rrabkp-sajam-39-600x600.jpg\" class=\"attachment-us_600_600_crop size-us_600_600_crop\" alt=\"\" decoding=\"async\" loading=\"lazy\" srcset=\"https:\/\/montegastro.me\/wp-content\/uploads\/2020\/03\/rrabkp-sajam-39-600x600.jpg 600w, https:\/\/montegastro.me\/wp-content\/uploads\/2020\/03\/rrabkp-sajam-39-300x300.jpg 300w\" sizes=\"(max-width: 600px) 100vw, 600px\" \/><\/div><\/a><a class=\"w-gallery-item order_3\" href=\"https:\/\/montegastro.me\/wp-content\/uploads\/2020\/02\/rrabkp-sajam-24.jpg\" title=\"Cereals\"><div class=\"w-gallery-item-img\"><img width=\"600\" height=\"600\" src=\"https:\/\/montegastro.me\/wp-content\/uploads\/2020\/02\/rrabkp-sajam-24-600x600.jpg\" class=\"attachment-us_600_600_crop size-us_600_600_crop\" alt=\"\" decoding=\"async\" loading=\"lazy\" srcset=\"https:\/\/montegastro.me\/wp-content\/uploads\/2020\/02\/rrabkp-sajam-24-600x600.jpg 600w, https:\/\/montegastro.me\/wp-content\/uploads\/2020\/02\/rrabkp-sajam-24-300x300.jpg 300w\" sizes=\"(max-width: 600px) 100vw, 600px\" \/><\/div><\/a><a class=\"w-gallery-item order_4\" href=\"https:\/\/montegastro.me\/wp-content\/uploads\/2020\/03\/Cirovic-Pljevlja_7.jpg\" title=\"Doma\u0107instvo \u0106irovi\u0107\"><div class=\"w-gallery-item-img\"><img width=\"600\" height=\"600\" src=\"https:\/\/montegastro.me\/wp-content\/uploads\/2020\/03\/Cirovic-Pljevlja_7-600x600.jpg\" class=\"attachment-us_600_600_crop size-us_600_600_crop\" alt=\"\" decoding=\"async\" loading=\"lazy\" srcset=\"https:\/\/montegastro.me\/wp-content\/uploads\/2020\/03\/Cirovic-Pljevlja_7-600x600.jpg 600w, https:\/\/montegastro.me\/wp-content\/uploads\/2020\/03\/Cirovic-Pljevlja_7-300x300.jpg 300w\" sizes=\"(max-width: 600px) 100vw, 600px\" \/><\/div><\/a><a class=\"w-gallery-item order_5\" href=\"https:\/\/montegastro.me\/wp-content\/uploads\/2020\/03\/rrabkp-sajam-1.jpg\" title=\"Cereals\"><div class=\"w-gallery-item-img\"><img width=\"600\" height=\"600\" src=\"https:\/\/montegastro.me\/wp-content\/uploads\/2020\/03\/rrabkp-sajam-1-600x600.jpg\" class=\"attachment-us_600_600_crop size-us_600_600_crop\" alt=\"\" decoding=\"async\" loading=\"lazy\" srcset=\"https:\/\/montegastro.me\/wp-content\/uploads\/2020\/03\/rrabkp-sajam-1-600x600.jpg 600w, https:\/\/montegastro.me\/wp-content\/uploads\/2020\/03\/rrabkp-sajam-1-300x300.jpg 300w\" sizes=\"(max-width: 600px) 100vw, 600px\" \/><\/div><\/a><\/div><\/div>\n<\/div><\/div><div class=\"wpb_text_column\" ><div class=\"wpb_wrapper\"><p><strong>Products in this group:<\/strong><\/p>\n<ul>\n<li>Barley<\/li>\n<li>Rye<\/li>\n<li>Buckwhat<\/li>\n<li>Spelt<\/li>\n<li>Corn<\/li>\n<\/ul>\n<\/div><\/div><div class=\"wpb_text_column\" ><div class=\"wpb_wrapper\"><p style=\"text-align: justify;\">If you are a representative of a hotel or restaurant and you would like to include some of our products into your offer, please contact us at\u00a0<a href=\"mailto:gorskatrpeza@gmail.com\">gorskatrpeza@gmail.com<\/a>\u00a0. We will then direct you to create an account on the web page\u00a0<a href=\"http:\/\/pijaca.seljak.me\/\">pijaca.seljak.me<\/a>\u00a0from where you can easily order our products.<\/p>\n<\/div><\/div><div class=\"w-sharing type_outlined align_right color_primary\"><div class=\"w-sharing-list\" data-sharing-url=\"https:\/\/montegastro.me\/en\/wp-json\/wp\/v2\/pages\/2653\" data-sharing-image=\"https:\/\/montegastro.me\/wp-content\/uploads\/2020\/02\/IMGP-35-1024x684.jpg\"><a class=\"w-sharing-item email\" href=\"javascript:void(0)\" title=\"Email this\" aria-label=\"Email this\"><span class=\"w-sharing-icon\"><\/span><\/a><a class=\"w-sharing-item facebook\" href=\"javascript:void(0)\" title=\"Share this\" aria-label=\"Share this\"><span class=\"w-sharing-icon\"><\/span><\/a><a class=\"w-sharing-item twitter\" href=\"javascript:void(0)\" title=\"Tweet this\" aria-label=\"Tweet this\"><span class=\"w-sharing-icon\"><\/span><\/a><a class=\"w-sharing-item whatsapp\" href=\"javascript:void(0)\" title=\"Share this\" aria-label=\"Share this\"><span class=\"w-sharing-icon\"><\/span><\/a><\/div><\/div><\/div><\/div><\/div><\/div><\/div><\/section>\n","protected":false},"excerpt":{"rendered":"[vc_custom_heading text=\"PRODUCTS\" font_container=\"tag:p|text_align:left\" use_theme_fonts=\"yes\" css=\"%7B%22default%22%3A%7B%22color%22%3A%22%23CFB381%22%2C%22margin-left%22%3A%2220px%22%7D%7D\"][vc_wp_custommenu nav_menu=\"15\"][vc_custom_heading source=\"post_title\" use_theme_fonts=\"yes\"]The high altitudes of the mountainous region of Montenegro are very favorable for growing cereals. Corn was especially prevalent in these regions, and corn flour is one of the most important ingedients in traditional cuisine of Montenegro mountains. But, in modern times, our family farms are growing virtually...","protected":false},"author":1,"featured_media":2111,"parent":2642,"menu_order":0,"comment_status":"closed","ping_status":"closed","template":"","meta":[],"yoast_head":"<!-- This site is optimized with the Yoast SEO plugin v14.3 - https:\/\/yoast.com\/wordpress\/plugins\/seo\/ -->\n<title>Cereals | Mountain Bounty<\/title>\n<meta name=\"description\" content=\"The high altitudes of the mountainous region of Montenegro are very favorable for growing cereals. Corn was especially prevalent in these regions, and corn flour is one of the most important ingedients in traditional cuisine of Montenegro mountains. But, in modern times, our family farms are growing virtually every type of grain that can be grown here.\" \/>\n<meta name=\"robots\" content=\"index, follow\" \/>\n<meta name=\"googlebot\" content=\"index, follow, max-snippet:-1, max-image-preview:large, max-video-preview:-1\" \/>\n<meta name=\"bingbot\" content=\"index, follow, max-snippet:-1, max-image-preview:large, max-video-preview:-1\" \/>\n<link rel=\"canonical\" href=\"https:\/\/montegastro.me\/en\/our-products\/cereals\/\" \/>\n<meta property=\"og:locale\" content=\"en_US\" \/>\n<meta property=\"og:type\" content=\"article\" \/>\n<meta property=\"og:title\" content=\"Cereals | Mountain Bounty\" \/>\n<meta property=\"og:description\" content=\"The high altitudes of the mountainous region of Montenegro are very favorable for growing cereals. Corn was especially prevalent in these regions, and corn flour is one of the most important ingedients in traditional cuisine of Montenegro mountains. But, in modern times, our family farms are growing virtually every type of grain that can be grown here.\" \/>\n<meta property=\"og:url\" content=\"https:\/\/montegastro.me\/en\/our-products\/cereals\/\" \/>\n<meta property=\"og:site_name\" content=\"Mountain Bounty\" \/>\n<meta property=\"article:modified_time\" content=\"2020-04-24T06:38:52+00:00\" \/>\n<meta property=\"og:image\" content=\"https:\/\/montegastro.me\/wp-content\/uploads\/2020\/02\/IMGP-35-scaled.jpg\" \/>\n\t<meta property=\"og:image:width\" content=\"2560\" \/>\n\t<meta property=\"og:image:height\" content=\"1709\" \/>\n<meta name=\"twitter:card\" content=\"summary_large_image\" \/>\n<script type=\"application\/ld+json\" class=\"yoast-schema-graph\">{\"@context\":\"https:\/\/schema.org\",\"@graph\":[{\"@type\":\"Organization\",\"@id\":\"https:\/\/montegastro.me\/en\/#organization\",\"name\":\"Regionalna razvojna agencija za Bjelasicu, Komove i Prokletije\",\"url\":\"https:\/\/montegastro.me\/en\/\",\"sameAs\":[],\"logo\":{\"@type\":\"ImageObject\",\"@id\":\"https:\/\/montegastro.me\/en\/#logo\",\"inLanguage\":\"en-US\",\"url\":\"https:\/\/montegastro.me\/wp-content\/uploads\/2020\/03\/logo-orao-sam-watermark.png\",\"width\":200,\"height\":74,\"caption\":\"Regionalna razvojna agencija za Bjelasicu, Komove i Prokletije\"},\"image\":{\"@id\":\"https:\/\/montegastro.me\/en\/#logo\"}},{\"@type\":\"WebSite\",\"@id\":\"https:\/\/montegastro.me\/en\/#website\",\"url\":\"https:\/\/montegastro.me\/en\/\",\"name\":\"Mountain Bounty\",\"description\":\"From the Mountains With Love!\",\"publisher\":{\"@id\":\"https:\/\/montegastro.me\/en\/#organization\"},\"potentialAction\":[{\"@type\":\"SearchAction\",\"target\":\"https:\/\/montegastro.me\/en\/?s={search_term_string}\",\"query-input\":\"required name=search_term_string\"}],\"inLanguage\":\"en-US\"},{\"@type\":\"ImageObject\",\"@id\":\"https:\/\/montegastro.me\/en\/our-products\/cereals\/#primaryimage\",\"inLanguage\":\"en-US\",\"url\":\"https:\/\/montegastro.me\/wp-content\/uploads\/2020\/02\/IMGP-35-scaled.jpg\",\"width\":2560,\"height\":1709},{\"@type\":\"WebPage\",\"@id\":\"https:\/\/montegastro.me\/en\/our-products\/cereals\/#webpage\",\"url\":\"https:\/\/montegastro.me\/en\/our-products\/cereals\/\",\"name\":\"Cereals | Mountain Bounty\",\"isPartOf\":{\"@id\":\"https:\/\/montegastro.me\/en\/#website\"},\"primaryImageOfPage\":{\"@id\":\"https:\/\/montegastro.me\/en\/our-products\/cereals\/#primaryimage\"},\"datePublished\":\"2020-02-29T17:48:05+00:00\",\"dateModified\":\"2020-04-24T06:38:52+00:00\",\"description\":\"The high altitudes of the mountainous region of Montenegro are very favorable for growing cereals. Corn was especially prevalent in these regions, and corn flour is one of the most important ingedients in traditional cuisine of Montenegro mountains. But, in modern times, our family farms are growing virtually every type of grain that can be grown here.\",\"inLanguage\":\"en-US\",\"potentialAction\":[{\"@type\":\"ReadAction\",\"target\":[\"https:\/\/montegastro.me\/en\/our-products\/cereals\/\"]}]}]}<\/script>\n<!-- \/ Yoast SEO plugin. -->","_links":{"self":[{"href":"https:\/\/montegastro.me\/en\/wp-json\/wp\/v2\/pages\/2653"}],"collection":[{"href":"https:\/\/montegastro.me\/en\/wp-json\/wp\/v2\/pages"}],"about":[{"href":"https:\/\/montegastro.me\/en\/wp-json\/wp\/v2\/types\/page"}],"author":[{"embeddable":true,"href":"https:\/\/montegastro.me\/en\/wp-json\/wp\/v2\/users\/1"}],"replies":[{"embeddable":true,"href":"https:\/\/montegastro.me\/en\/wp-json\/wp\/v2\/comments?post=2653"}],"version-history":[{"count":4,"href":"https:\/\/montegastro.me\/en\/wp-json\/wp\/v2\/pages\/2653\/revisions"}],"predecessor-version":[{"id":2800,"href":"https:\/\/montegastro.me\/en\/wp-json\/wp\/v2\/pages\/2653\/revisions\/2800"}],"up":[{"embeddable":true,"href":"https:\/\/montegastro.me\/en\/wp-json\/wp\/v2\/pages\/2642"}],"wp:featuredmedia":[{"embeddable":true,"href":"https:\/\/montegastro.me\/en\/wp-json\/wp\/v2\/media\/2111"}],"wp:attachment":[{"href":"https:\/\/montegastro.me\/en\/wp-json\/wp\/v2\/media?parent=2653"}],"curies":[{"name":"wp","href":"https:\/\/api.w.org\/{rel}","templated":true}]}}